{"id":3293,"date":"2025-09-17T17:10:17","date_gmt":"2025-09-17T15:10:17","guid":{"rendered":"https:\/\/betterdocs.msf.shahrear.site\/?page_id=3293"},"modified":"2025-09-17T17:10:17","modified_gmt":"2025-09-17T15:10:17","slug":"encyclopedia-retro-l-2-elementor","status":"publish","type":"page","link":"https:\/\/betterdocs.msf.shahrear.site\/index.php\/encyclopedia-retro-l-2-elementor\/","title":{"rendered":"Encyclopedia Retro L"},"content":{"rendered":"<div class=\"ql-snow\">\n            <div class=\"betterlinks_affiliate_disclosure_post ql-editor\">\n                <p>Some of the links shared in this post are <a href=\"#\" rel=\"noopener noreferrer\" target=\"_blank\">affiliate links<\/a>. If you click on the link &amp; make any purchase, we will receive an affiliate commission at no extra cost of you.<\/p> \n            <\/div>\n            <\/div>\n            <style>\n                .betterlinks_affiliate_disclosure_post{\n                    line-height:1em;\n                    white-space: unset;\n                    background-color: #E3F4FF;\n                    border-top: 1px solid #a29a9a; border-right: 1px solid #a29a9a; border-bottom: 1px solid #a29a9a; border-left: 1px solid #a29a9a; border-radius: 5px 5px 5px 5px;\n                    font-size: 12px;\n                    width: 100%;\n                    padding-top: 5px;\n                    padding-right: 5px;\n                    padding-bottom: 5px;\n                    padding-left: 5px;\n                }\n                .betterlinks_affiliate_disclosure_post p{\n                    padding: 0;\n                    margin: 0;\n                    font-size: inherit;\n                }\n\n                .betterlinks_affiliate_disclosure_post .ql-align-center{\n                    text-align: center;\n                }\n                .betterlinks_affiliate_disclosure_post .ql-align-right{\n                    text-align: right;\n                }\n                .betterlinks_affiliate_disclosure_post .ql-align-left{\n                    text-align: left;\n                }\n            <\/style>\t\t<div data-elementor-type=\"wp-page\" data-elementor-id=\"3293\" class=\"elementor elementor-3293\" data-elementor-post-type=\"page\">\n\t\t\t\t<div data-particle_enable=\"false\" data-particle-mobile-disabled=\"false\" class=\"elementor-element elementor-element-0e5a9d0 e-flex e-con-boxed e-con e-parent\" data-id=\"0e5a9d0\" data-element_type=\"container\" data-e-type=\"container\">\n\t\t\t\t\t<div class=\"e-con-inner\">\n\t\t\t\t<div class=\"elementor-element elementor-element-5aad10a elementor-widget elementor-widget-betterdocs-encyclopedia\" data-id=\"5aad10a\" data-element_type=\"widget\" data-e-type=\"widget\" data-widget_type=\"betterdocs-encyclopedia.default\">\n\t\t\t\t\t\n<div class=\"betterdocs-encyclopedia-wrapper\">\n        <div class=\"betterdocs-laxical-container\">\n        <div class=\"encyclopedia-filter-content\">\n\n            \n<div class=\"encyclopedia-alphabets alphabets-style-default\">\n    <ul class=\"encyclopedia-alphabet-list\">\n        <li class=\"alphabet-list-item\" data-letter=\"all\"><a href=\"https:\/\/betterdocs.msf.shahrear.site\/archive-doc-list-l2\/\">All<\/a><\/li><li class=\"alphabet-list-item\" data-letter=\"A\"><a href=\"https:\/\/betterdocs.msf.shahrear.site\/archive-doc-list-l2\/?encyclopedia_prefix=A\">A<\/a><\/li><li class=\"alphabet-list-item\" data-letter=\"B\"><a href=\"https:\/\/betterdocs.msf.shahrear.site\/archive-doc-list-l2\/?encyclopedia_prefix=B\">B<\/a><\/li><li class=\"alphabet-list-item\" data-letter=\"C\"><a href=\"https:\/\/betterdocs.msf.shahrear.site\/archive-doc-list-l2\/?encyclopedia_prefix=C\">C<\/a><\/li><li class=\"alphabet-list-item\" data-letter=\"D\"><a href=\"https:\/\/betterdocs.msf.shahrear.site\/archive-doc-list-l2\/?encyclopedia_prefix=D\">D<\/a><\/li><li class=\"alphabet-list-item\" data-letter=\"E\"><a href=\"https:\/\/betterdocs.msf.shahrear.site\/archive-doc-list-l2\/?encyclopedia_prefix=E\">E<\/a><\/li><li class=\"alphabet-list-item\" data-letter=\"F\"><a href=\"https:\/\/betterdocs.msf.shahrear.site\/archive-doc-list-l2\/?encyclopedia_prefix=F\">F<\/a><\/li><li class=\"alphabet-list-item\" data-letter=\"G\"><a href=\"https:\/\/betterdocs.msf.shahrear.site\/archive-doc-list-l2\/?encyclopedia_prefix=G\">G<\/a><\/li><li class=\"alphabet-list-item\" data-letter=\"H\"><a href=\"https:\/\/betterdocs.msf.shahrear.site\/archive-doc-list-l2\/?encyclopedia_prefix=H\">H<\/a><\/li><li class=\"alphabet-list-item\" data-letter=\"I\"><a href=\"https:\/\/betterdocs.msf.shahrear.site\/archive-doc-list-l2\/?encyclopedia_prefix=I\">I<\/a><\/li><li class=\"alphabet-list-item\" data-letter=\"J\"><a href=\"https:\/\/betterdocs.msf.shahrear.site\/archive-doc-list-l2\/?encyclopedia_prefix=J\">J<\/a><\/li><li class=\"alphabet-list-item\" data-letter=\"K\"><a href=\"https:\/\/betterdocs.msf.shahrear.site\/archive-doc-list-l2\/?encyclopedia_prefix=K\">K<\/a><\/li><li class=\"alphabet-list-item\" data-letter=\"L\"><a href=\"https:\/\/betterdocs.msf.shahrear.site\/archive-doc-list-l2\/?encyclopedia_prefix=L\">L<\/a><\/li><li class=\"alphabet-list-item\" data-letter=\"M\"><a href=\"https:\/\/betterdocs.msf.shahrear.site\/archive-doc-list-l2\/?encyclopedia_prefix=M\">M<\/a><\/li><li class=\"alphabet-list-item\" data-letter=\"N\"><a href=\"https:\/\/betterdocs.msf.shahrear.site\/archive-doc-list-l2\/?encyclopedia_prefix=N\">N<\/a><\/li><li class=\"alphabet-list-item\" data-letter=\"O\"><a href=\"https:\/\/betterdocs.msf.shahrear.site\/archive-doc-list-l2\/?encyclopedia_prefix=O\">O<\/a><\/li><li class=\"alphabet-list-item\" data-letter=\"P\"><a href=\"https:\/\/betterdocs.msf.shahrear.site\/archive-doc-list-l2\/?encyclopedia_prefix=P\">P<\/a><\/li><li class=\"alphabet-list-item\" data-letter=\"Q\"><a href=\"https:\/\/betterdocs.msf.shahrear.site\/archive-doc-list-l2\/?encyclopedia_prefix=Q\">Q<\/a><\/li><li class=\"alphabet-list-item\" data-letter=\"R\"><a href=\"https:\/\/betterdocs.msf.shahrear.site\/archive-doc-list-l2\/?encyclopedia_prefix=R\">R<\/a><\/li><li class=\"alphabet-list-item\" data-letter=\"S\"><a href=\"https:\/\/betterdocs.msf.shahrear.site\/archive-doc-list-l2\/?encyclopedia_prefix=S\">S<\/a><\/li><li class=\"alphabet-list-item\" data-letter=\"T\"><a href=\"https:\/\/betterdocs.msf.shahrear.site\/archive-doc-list-l2\/?encyclopedia_prefix=T\">T<\/a><\/li><li class=\"alphabet-list-item\" data-letter=\"U\"><a href=\"https:\/\/betterdocs.msf.shahrear.site\/archive-doc-list-l2\/?encyclopedia_prefix=U\">U<\/a><\/li><li class=\"alphabet-list-item\" data-letter=\"V\"><a href=\"https:\/\/betterdocs.msf.shahrear.site\/archive-doc-list-l2\/?encyclopedia_prefix=V\">V<\/a><\/li><li class=\"alphabet-list-item\" data-letter=\"W\"><a href=\"https:\/\/betterdocs.msf.shahrear.site\/archive-doc-list-l2\/?encyclopedia_prefix=W\">W<\/a><\/li><li class=\"alphabet-list-item\" data-letter=\"X\"><a href=\"https:\/\/betterdocs.msf.shahrear.site\/archive-doc-list-l2\/?encyclopedia_prefix=X\">X<\/a><\/li><li class=\"alphabet-list-item\" data-letter=\"Y\"><a href=\"https:\/\/betterdocs.msf.shahrear.site\/archive-doc-list-l2\/?encyclopedia_prefix=Y\">Y<\/a><\/li><li class=\"alphabet-list-item\" data-letter=\"Z\"><a href=\"https:\/\/betterdocs.msf.shahrear.site\/archive-doc-list-l2\/?encyclopedia_prefix=Z\">Z<\/a><\/li>    <\/ul>\n<\/div>\n\n            <div class=\"w-dyn-list\">\n                <div class=\"betterdocs-encyclopedia layout-card layout-doc-list-2\" id=\"encyclopedia-container\">\n                    <div class='encyclopedia-section-A section-item'><div class=\"letter-start alphabet-big-round-view\" data-scroll-letter=\"A\"><span>A<\/span><\/div>\n<div class=\"encyclopedia-list\" data-first-letter=\"A\">\n    <a href=\"https:\/\/betterdocs.msf.shahrear.site\/encyclopedia\/a-beautiful-sunny-day\/\">\n        A beautiful sunny day    <\/a>\n<\/div>\n\n<div class=\"encyclopedia-list\" data-first-letter=\"A\">\n    <a href=\"https:\/\/betterdocs.msf.shahrear.site\/encyclopedia\/a-cup-of-coffee\/\">\n        A Cup of Coffee    <\/a>\n<\/div>\n\n<div class=\"encyclopedia-list\" data-first-letter=\"A\">\n    <a href=\"https:\/\/betterdocs.msf.shahrear.site\/encyclopedia\/a-life-which-is-short\/\">\n        A Life which is Short    <\/a>\n<\/div>\n\n<div class=\"encyclopedia-list\" data-first-letter=\"A\">\n    <a href=\"https:\/\/betterdocs.msf.shahrear.site\/encyclopedia\/address\/\">\n        Address    <\/a>\n<\/div>\n\n<div class=\"encyclopedia-list\" data-first-letter=\"A\">\n    <a href=\"https:\/\/betterdocs.msf.shahrear.site\/encyclopedia\/alergic\/\">\n        Alergic    <\/a>\n<\/div>\n\n<div class=\"encyclopedia-list\" data-first-letter=\"A\">\n    <a href=\"https:\/\/betterdocs.msf.shahrear.site\/encyclopedia\/ami\/\">\n        AMI    <\/a>\n<\/div>\n\n<div class=\"encyclopedia-list\" data-first-letter=\"A\">\n    <a href=\"https:\/\/betterdocs.msf.shahrear.site\/encyclopedia\/api\/\">\n        API    <\/a>\n<\/div>\n\n<div class=\"encyclopedia-list\" data-first-letter=\"A\">\n    <a href=\"https:\/\/betterdocs.msf.shahrear.site\/encyclopedia\/apple\/\">\n        Apple    <\/a>\n<\/div>\n\n<div class=\"encyclopedia-list\" data-first-letter=\"A\">\n    <a href=\"https:\/\/betterdocs.msf.shahrear.site\/encyclopedia\/appppplllle\/\">\n        Appppplllle    <\/a>\n<\/div>\n\n<div class=\"encyclopedia-list\" data-first-letter=\"A\">\n    <a href=\"https:\/\/betterdocs.msf.shahrear.site\/encyclopedia\/april-10\/\">\n        April 10    <\/a>\n<\/div>\n\n<div class=\"encyclopedia-list\" data-first-letter=\"A\">\n    <a href=\"https:\/\/betterdocs.msf.shahrear.site\/encyclopedia\/april-28\/\">\n        April 28    <\/a>\n<\/div>\n\n<div class=\"encyclopedia-list\" data-first-letter=\"A\">\n    <a href=\"https:\/\/betterdocs.msf.shahrear.site\/encyclopedia\/asaap\/\">\n        ASAAP    <\/a>\n<\/div>\n\n<div class=\"encyclopedia-list\" data-first-letter=\"A\">\n    <a href=\"https:\/\/betterdocs.msf.shahrear.site\/encyclopedia\/asap\/\">\n        ASAP    <\/a>\n<\/div>\n\n<div class=\"encyclopedia-list\" data-first-letter=\"A\">\n    <a href=\"https:\/\/betterdocs.msf.shahrear.site\/encyclopedia\/august-10\/\">\n        August 10    <\/a>\n<\/div>\n\n<div class=\"encyclopedia-list\" data-first-letter=\"A\">\n    <a href=\"https:\/\/betterdocs.msf.shahrear.site\/encyclopedia\/august-3\/\">\n        August 3    <\/a>\n<\/div>\n<\/div><div class='encyclopedia-section-B section-item'><div class=\"letter-start alphabet-big-round-view\" data-scroll-letter=\"B\"><span>B<\/span><\/div>\n<div class=\"encyclopedia-list\" data-first-letter=\"B\">\n    <a href=\"https:\/\/betterdocs.msf.shahrear.site\/encyclopedia\/bakhur-al-oud\/\">\n        Bakhur Al Oud    <\/a>\n<\/div>\n\n<div class=\"encyclopedia-list\" data-first-letter=\"B\">\n    <a href=\"https:\/\/betterdocs.msf.shahrear.site\/encyclopedia\/ball\/\">\n        Ball    <\/a>\n<\/div>\n\n<div class=\"encyclopedia-list\" data-first-letter=\"B\">\n    <a href=\"https:\/\/betterdocs.msf.shahrear.site\/encyclopedia\/banglades-kazaniyor-insaallah\/\">\n        Banglade\u015f kazan\u0131yor in\u015faAllah    <\/a>\n<\/div>\n\n<div class=\"encyclopedia-list\" data-first-letter=\"B\">\n    <a href=\"https:\/\/betterdocs.msf.shahrear.site\/encyclopedia\/biography\/\">\n        Biography    <\/a>\n<\/div>\n\n<div class=\"encyclopedia-list\" data-first-letter=\"B\">\n    <a href=\"https:\/\/betterdocs.msf.shahrear.site\/encyclopedia\/bottle\/\">\n        Bottle    <\/a>\n<\/div>\n\n<div class=\"encyclopedia-list\" data-first-letter=\"B\">\n    <a href=\"https:\/\/betterdocs.msf.shahrear.site\/encyclopedia\/break\/\">\n        Break    <\/a>\n<\/div>\n\n<div class=\"encyclopedia-list\" data-first-letter=\"B\">\n    <a href=\"https:\/\/betterdocs.msf.shahrear.site\/encyclopedia\/broken\/\">\n        Broken    <\/a>\n<\/div>\n\n<div class=\"encyclopedia-list\" data-first-letter=\"B\">\n    <a href=\"https:\/\/betterdocs.msf.shahrear.site\/encyclopedia\/butterscotch\/\">\n        butterscotch    <\/a>\n<\/div>\n<\/div><div class='encyclopedia-section-C section-item'><div class=\"letter-start alphabet-big-round-view\" data-scroll-letter=\"C\"><span>C<\/span><\/div>\n<div class=\"encyclopedia-list\" data-first-letter=\"C\">\n    <a href=\"https:\/\/betterdocs.msf.shahrear.site\/encyclopedia\/c\/\">\n        c    <\/a>\n<\/div>\n\n<div class=\"encyclopedia-list\" data-first-letter=\"C\">\n    <a href=\"https:\/\/betterdocs.msf.shahrear.site\/encyclopedia\/cable\/\">\n        Cable    <\/a>\n<\/div>\n\n<div class=\"encyclopedia-list\" data-first-letter=\"C\">\n    <a href=\"https:\/\/betterdocs.msf.shahrear.site\/encyclopedia\/cafeine\/\">\n        Cafeine    <\/a>\n<\/div>\n\n<div class=\"encyclopedia-list\" data-first-letter=\"C\">\n    <a href=\"https:\/\/betterdocs.msf.shahrear.site\/encyclopedia\/cat\/\">\n        Cat    <\/a>\n<\/div>\n\n<div class=\"encyclopedia-list\" data-first-letter=\"C\">\n    <a href=\"https:\/\/betterdocs.msf.shahrear.site\/encyclopedia\/cb\/\">\n        CB    <\/a>\n<\/div>\n\n<div class=\"encyclopedia-list\" data-first-letter=\"C\">\n    <a href=\"https:\/\/betterdocs.msf.shahrear.site\/encyclopedia\/chair\/\">\n        Chair    <\/a>\n<\/div>\n\n<div class=\"encyclopedia-list\" data-first-letter=\"C\">\n    <a href=\"https:\/\/betterdocs.msf.shahrear.site\/encyclopedia\/charger\/\">\n        Charger    <\/a>\n<\/div>\n\n<div class=\"encyclopedia-list\" data-first-letter=\"C\">\n    <a href=\"https:\/\/betterdocs.msf.shahrear.site\/encyclopedia\/chocolate\/\">\n        chocolate    <\/a>\n<\/div>\n\n<div class=\"encyclopedia-list\" data-first-letter=\"C\">\n    <a href=\"https:\/\/betterdocs.msf.shahrear.site\/encyclopedia\/cricket-match\/\">\n        Cricket Match    <\/a>\n<\/div>\n<\/div><div class='encyclopedia-section-D section-item'><div class=\"letter-start alphabet-big-round-view\" data-scroll-letter=\"D\"><span>D<\/span><\/div>\n<div class=\"encyclopedia-list\" data-first-letter=\"D\">\n    <a href=\"https:\/\/betterdocs.msf.shahrear.site\/encyclopedia\/december-04\/\">\n        December 04    <\/a>\n<\/div>\n\n<div class=\"encyclopedia-list\" data-first-letter=\"D\">\n    <a href=\"https:\/\/betterdocs.msf.shahrear.site\/encyclopedia\/dog\/\">\n        Dog    <\/a>\n<\/div>\n<\/div><div class='encyclopedia-section-E section-item'><div class=\"letter-start alphabet-big-round-view\" data-scroll-letter=\"E\"><span>E<\/span><\/div>\n<div class=\"encyclopedia-list\" data-first-letter=\"E\">\n    <a href=\"https:\/\/betterdocs.msf.shahrear.site\/encyclopedia\/education\/\">\n        Education    <\/a>\n<\/div>\n\n<div class=\"encyclopedia-list\" data-first-letter=\"E\">\n    <a href=\"https:\/\/betterdocs.msf.shahrear.site\/encyclopedia\/egg\/\">\n        Egg    <\/a>\n<\/div>\n\n<div class=\"encyclopedia-list\" data-first-letter=\"E\">\n    <a href=\"https:\/\/betterdocs.msf.shahrear.site\/encyclopedia\/election-in-bangladesh-in-2026\/\">\n        Election in Bangladesh in 2026    <\/a>\n<\/div>\n<\/div>                <\/div>\n\n                \n    <div class=\"loadmoreBtn-container\">\n        <div class=\"encyclopedia-loadmore-btn loadMoreBtn\" data-total-section-pages=\"5\" data-control-attributes=\"eyJkb2Nfc3R5bGUiOiJkb2MtbGlzdC0yIiwiZGljdGlvbmFyeV9kb2NzX3Blcl9wYWdlIjo1MCwiZGljdGlvbmFyeV9sb2FkbW9yZSI6InllcyIsImRvY3NfbG9hZG1vcmUiOiJ5ZXMiLCJjdXJyZW50X2xldHRlciI6bnVsbCwic2hvd25fc2VjdGlvbnMiOjUsInRvdGFsX3NlY3Rpb25fcGFnZXMiOjUsInRvdGFsX2RvY19wYWdlcyI6MCwic3RhcnRfbGV0dGVyX3N0eWxlIjoiYWxwaGFiZXQtYmlnLXJvdW5kLXZpZXciLCJkaWN0aW9uYXJ5X2xvYWRtb3JlX2J1dHRvbl90ZXh0IjoiTG9hZCBNb3JlIiwiZGljdGlvbmFyeV9sZWFybl9tb3JlX3RleHQiOiJMZWFybiBNb3JlIiwiZGljdGlvbmFyeV9leHBsb3JlX21vcmVfdGV4dCI6IkV4cGxvcmUgW2NvdW50XSBNb3JlIERvY3MiLCJpdGVtX2hlYWRpbmdfdGFnIjoiaDIifQ==\">Load More<\/div>    <\/div>\n\n            <\/div>\n\n\n                    <\/div>\n    <\/div>\n<\/div>\n\t\t\t\t<\/div>\n\t\t\t\t\t<\/div>\n\t\t\t\t<\/div>\n\t\t\t\t<\/div>\n\t\t","protected":false},"excerpt":{"rendered":"<div class=\"ql-snow\">\n<div class=\"betterlinks_affiliate_disclosure_post ql-editor\">\n<p>Some of the links shared in this post are <a href=\"#\" rel=\"noopener noreferrer\" target=\"_blank\">affiliate links<\/a>. If you click on the link &amp; make any purchase, we will receive an affiliate commission at no extra cost of you.<\/p>\n<\/p><\/div>\n<\/p><\/div>\n<style>\n                .betterlinks_affiliate_disclosure_post{\n                    line-height:1em;\n                    white-space: unset;\n                    background-color: #E3F4FF;\n                    border-top: 1px solid #a29a9a; border-right: 1px solid #a29a9a; border-bottom: 1px solid #a29a9a; border-left: 1px solid #a29a9a; border-radius: 5px 5px 5px 5px;\n                    font-size: 12px;\n                    width: 100%;\n                    padding-top: 5px;\n                    padding-right: 5px;\n                    padding-bottom: 5px;\n                    padding-left: 5px;\n                }\n                .betterlinks_affiliate_disclosure_post p{\n                    padding: 0;\n                    margin: 0;\n                    font-size: inherit;\n                }<\/p>\n<p>                .betterlinks_affiliate_disclosure_post .ql-align-center{\n                    text-align: center;\n                }\n                .betterlinks_affiliate_disclosure_post .ql-align-right{\n                    text-align: right;\n                }\n                .betterlinks_affiliate_disclosure_post .ql-align-left{\n                    text-align: left;\n                }\n            <\/style>\n<p>Some of the links shared in this post are affiliate links. If you click on the link &amp; make any purchase, we will receive an affiliate commission at no extra cost of you. All A B C D E F G H I J K L M N O P Q R S T U [&hellip;]<\/p>\n","protected":false},"author":8,"featured_media":0,"parent":0,"menu_order":0,"comment_status":"closed","ping_status":"closed","template":"","meta":{"_eb_attr":"","footnotes":""},"class_list":["post-3293","page","type-page","status-publish","hentry"],"_links":{"self":[{"href":"https:\/\/betterdocs.msf.shahrear.site\/index.php\/wp-json\/wp\/v2\/pages\/3293","targetHints":{"allow":["GET"]}}],"collection":[{"href":"https:\/\/betterdocs.msf.shahrear.site\/index.php\/wp-json\/wp\/v2\/pages"}],"about":[{"href":"https:\/\/betterdocs.msf.shahrear.site\/index.php\/wp-json\/wp\/v2\/types\/page"}],"author":[{"embeddable":true,"href":"https:\/\/betterdocs.msf.shahrear.site\/index.php\/wp-json\/wp\/v2\/users\/8"}],"replies":[{"embeddable":true,"href":"https:\/\/betterdocs.msf.shahrear.site\/index.php\/wp-json\/wp\/v2\/comments?post=3293"}],"version-history":[{"count":4,"href":"https:\/\/betterdocs.msf.shahrear.site\/index.php\/wp-json\/wp\/v2\/pages\/3293\/revisions"}],"predecessor-version":[{"id":3297,"href":"https:\/\/betterdocs.msf.shahrear.site\/index.php\/wp-json\/wp\/v2\/pages\/3293\/revisions\/3297"}],"wp:attachment":[{"href":"https:\/\/betterdocs.msf.shahrear.site\/index.php\/wp-json\/wp\/v2\/media?parent=3293"}],"curies":[{"name":"wp","href":"https:\/\/api.w.org\/{rel}","templated":true}]}}